{"id":57,"date":"2023-01-06T13:05:09","date_gmt":"2023-01-06T16:05:09","guid":{"rendered":"https:\/\/interchemargentina.com\/?page_id=57"},"modified":"2024-10-01T12:14:23","modified_gmt":"2024-10-01T15:14:23","slug":"contacto","status":"publish","type":"page","link":"https:\/\/interchemargentina.com\/zh\/contacto\/","title":{"rendered":"\u8054\u7cfb\u6211\u4eec"},"content":{"rendered":"<div data-elementor-type=\"wp-page\" data-elementor-id=\"57\" class=\"elementor elementor-57\" data-elementor-post-type=\"page\">\n\t\t\t\t\t\t<section class=\"elementor-section elementor-top-section elementor-element elementor-element-697252a elementor-section-boxed elementor-section-height-default elementor-section-height-default\" data-id=\"697252a\" data-element_type=\"section\" data-e-type=\"section\" data-settings=\"{&quot;background_background&quot;:&quot;classic&quot;}\">\n\t\t\t\t\t\t<div class=\"elementor-container elementor-column-gap-default\">\n\t\t\t\t\t<div class=\"elementor-column elementor-col-100 elementor-top-column elementor-element elementor-element-e959774\" data-id=\"e959774\" data-element_type=\"column\" data-e-type=\"column\">\n\t\t\t<div class=\"elementor-widget-wrap\">\n\t\t\t\t\t\t\t<\/div>\n\t\t<\/div>\n\t\t\t\t\t<\/div>\n\t\t<\/section>\n\t\t\t\t<section class=\"elementor-section elementor-top-section elementor-element elementor-element-c6fe0df elementor-section-boxed elementor-section-height-default elementor-section-height-default\" data-id=\"c6fe0df\" data-element_type=\"section\" data-e-type=\"section\">\n\t\t\t\t\t\t<div class=\"elementor-container elementor-column-gap-default\">\n\t\t\t\t\t<div class=\"elementor-column elementor-col-100 elementor-top-column elementor-element elementor-element-cd45cb7\" data-id=\"cd45cb7\" data-element_type=\"column\" data-e-type=\"column\">\n\t\t\t<div class=\"elementor-widget-wrap elementor-element-populated\">\n\t\t\t\t\t\t<div class=\"elementor-element elementor-element-6ce27ac elementor-invisible elementor-widget elementor-widget-heading\" data-id=\"6ce27ac\" data-element_type=\"widget\" data-e-type=\"widget\" data-settings=\"{&quot;_animation&quot;:&quot;fadeIn&quot;}\" data-widget_type=\"heading.default\">\n\t\t\t\t<div class=\"elementor-widget-container\">\n\t\t\t\t\t<h2 class=\"elementor-heading-title elementor-size-default\">\u8054\u7cfb\u6211\u4eec<\/h2>\t\t\t\t<\/div>\n\t\t\t\t<\/div>\n\t\t\t\t<div class=\"elementor-element elementor-element-c047c4c elementor-widget-divider--view-line elementor-invisible elementor-widget elementor-widget-divider\" data-id=\"c047c4c\" data-element_type=\"widget\" data-e-type=\"widget\" data-settings=\"{&quot;_animation&quot;:&quot;fadeInLeft&quot;}\" data-widget_type=\"divider.default\">\n\t\t\t\t<div class=\"elementor-widget-container\">\n\t\t\t\t\t\t\t<div class=\"elementor-divider\">\n\t\t\t<span class=\"elementor-divider-separator\">\n\t\t\t\t\t\t<\/span>\n\t\t<\/div>\n\t\t\t\t\t\t<\/div>\n\t\t\t\t<\/div>\n\t\t\t\t\t<\/div>\n\t\t<\/div>\n\t\t\t\t\t<\/div>\n\t\t<\/section>\n\t\t\t\t<section class=\"elementor-section elementor-top-section elementor-element elementor-element-c4bb011 elementor-section-boxed elementor-section-height-default elementor-section-height-default\" data-id=\"c4bb011\" data-element_type=\"section\" data-e-type=\"section\">\n\t\t\t\t\t\t<div class=\"elementor-container elementor-column-gap-default\">\n\t\t\t\t\t<div class=\"elementor-column elementor-col-50 elementor-top-column elementor-element elementor-element-d83462a\" data-id=\"d83462a\" data-element_type=\"column\" data-e-type=\"column\">\n\t\t\t<div class=\"elementor-widget-wrap elementor-element-populated\">\n\t\t\t\t\t\t<div class=\"elementor-element elementor-element-8c51e5a elementor-widget elementor-widget-image\" data-id=\"8c51e5a\" data-element_type=\"widget\" data-e-type=\"widget\" data-widget_type=\"image.default\">\n\t\t\t\t<div class=\"elementor-widget-container\">\n\t\t\t\t\t\t\t\t\t\t\t\t\t\t\t<img fetchpriority=\"high\" decoding=\"async\" width=\"1024\" height=\"300\" src=\"https:\/\/interchemargentina.com\/wp-content\/uploads\/2023\/01\/Captura-de-Pantalla-2023-01-09-a-las-11.34.47-1024x300.png\" class=\"attachment-large size-large wp-image-143\" alt=\"\" srcset=\"https:\/\/interchemargentina.com\/wp-content\/uploads\/2023\/01\/Captura-de-Pantalla-2023-01-09-a-las-11.34.47-1024x300.png 1024w, https:\/\/interchemargentina.com\/wp-content\/uploads\/2023\/01\/Captura-de-Pantalla-2023-01-09-a-las-11.34.47-300x88.png 300w, https:\/\/interchemargentina.com\/wp-content\/uploads\/2023\/01\/Captura-de-Pantalla-2023-01-09-a-las-11.34.47-768x225.png 768w, https:\/\/interchemargentina.com\/wp-content\/uploads\/2023\/01\/Captura-de-Pantalla-2023-01-09-a-las-11.34.47.png 1504w\" sizes=\"(max-width: 1024px) 100vw, 1024px\" \/>\t\t\t\t\t\t\t\t\t\t\t\t\t\t\t<\/div>\n\t\t\t\t<\/div>\n\t\t\t\t<div class=\"elementor-element elementor-element-ca6f7cf elementor-position-inline-start elementor-mobile-position-inline-start elementor-view-stacked elementor-shape-circle elementor-widget elementor-widget-icon-box\" data-id=\"ca6f7cf\" data-element_type=\"widget\" data-e-type=\"widget\" data-widget_type=\"icon-box.default\">\n\t\t\t\t<div class=\"elementor-widget-container\">\n\t\t\t\t\t\t\t<div class=\"elementor-icon-box-wrapper\">\n\n\t\t\t\t\t\t<div class=\"elementor-icon-box-icon\">\n\t\t\t\t<span  class=\"elementor-icon\">\n\t\t\t\t<i aria-hidden=\"true\" class=\"fas fa-map-marker-alt\"><\/i>\t\t\t\t<\/span>\n\t\t\t<\/div>\n\t\t\t\n\t\t\t\t\t\t<div class=\"elementor-icon-box-content\">\n\n\t\t\t\t\t\t\t\t\t<h3 class=\"elementor-icon-box-title\">\n\t\t\t\t\t\t<span  >\n\t\t\t\t\t\t\t\u5730\u70b9 \t\t\t\t\t\t<\/span>\n\t\t\t\t\t<\/h3>\n\t\t\t\t\n\t\t\t\t\t\t\t\t\t<p class=\"elementor-icon-box-description\">\n\t\t\t\t\t\t\u963f\u62c9\u8d21\u5927\u9053 255 \u53f7 2 \u697c<br \/>\u7f8e\u56fd\u4f5b\u7f57\u91cc\u8fbe\u5dde\u79d1\u52d2\u5c14\u76d6\u5e03\u5c14\u65af\u3002<br \/> \u90ae\u653f\u7f16\u7801\uff1a FL 33134\t\t\t\t\t<\/p>\n\t\t\t\t\n\t\t\t<\/div>\n\t\t\t\n\t\t<\/div>\n\t\t\t\t\t\t<\/div>\n\t\t\t\t<\/div>\n\t\t\t\t<div class=\"elementor-element elementor-element-3705db1 elementor-position-inline-start elementor-mobile-position-inline-start elementor-view-stacked elementor-shape-circle elementor-widget elementor-widget-icon-box\" data-id=\"3705db1\" data-element_type=\"widget\" data-e-type=\"widget\" data-widget_type=\"icon-box.default\">\n\t\t\t\t<div class=\"elementor-widget-container\">\n\t\t\t\t\t\t\t<div class=\"elementor-icon-box-wrapper\">\n\n\t\t\t\t\t\t<div class=\"elementor-icon-box-icon\">\n\t\t\t\t<span  class=\"elementor-icon\">\n\t\t\t\t<i aria-hidden=\"true\" class=\"far fa-envelope\"><\/i>\t\t\t\t<\/span>\n\t\t\t<\/div>\n\t\t\t\n\t\t\t\t\t\t<div class=\"elementor-icon-box-content\">\n\n\t\t\t\t\t\t\t\t\t<h3 class=\"elementor-icon-box-title\">\n\t\t\t\t\t\t<span  >\n\t\t\t\t\t\t\t\u7535\u5b50\u90ae\u4ef6\t\t\t\t\t\t<\/span>\n\t\t\t\t\t<\/h3>\n\t\t\t\t\n\t\t\t\t\t\t\t\t\t<p class=\"elementor-icon-box-description\">\n\t\t\t\t\t\tinfo@interchemargentina.com\t\t\t\t\t<\/p>\n\t\t\t\t\n\t\t\t<\/div>\n\t\t\t\n\t\t<\/div>\n\t\t\t\t\t\t<\/div>\n\t\t\t\t<\/div>\n\t\t\t\t\t<\/div>\n\t\t<\/div>\n\t\t\t\t<div class=\"elementor-column elementor-col-50 elementor-top-column elementor-element elementor-element-aafce2d\" data-id=\"aafce2d\" data-element_type=\"column\" data-e-type=\"column\">\n\t\t\t<div class=\"elementor-widget-wrap elementor-element-populated\">\n\t\t\t\t\t\t<div class=\"elementor-element elementor-element-7c08c78 elementor-widget elementor-widget-text-editor\" data-id=\"7c08c78\" data-element_type=\"widget\" data-e-type=\"widget\" data-widget_type=\"text-editor.default\">\n\t\t\t\t<div class=\"elementor-widget-container\">\n\t\t\t\t\t\t\t\t\t\n<div class=\"wpcf7 no-js\" id=\"wpcf7-f6-o1\" lang=\"es-ES\" dir=\"ltr\" data-wpcf7-id=\"6\">\n<div class=\"screen-reader-response\"><p role=\"status\" aria-live=\"polite\" aria-atomic=\"true\"><\/p> <ul><\/ul><\/div>\n<form action=\"\/zh\/wp-json\/wp\/v2\/pages\/57#wpcf7-f6-o1\" method=\"post\" class=\"wpcf7-form init\" aria-label=\"\u8054\u7cfb\u8868\" novalidate=\"novalidate\" data-status=\"init\" data-trp-original-action=\"\/zh\/wp-json\/wp\/v2\/pages\/57#wpcf7-f6-o1\">\n<fieldset class=\"hidden-fields-container\"><input type=\"hidden\" name=\"_wpcf7\" value=\"6\" \/><input type=\"hidden\" name=\"_wpcf7_version\" value=\"6.1.5\" \/><input type=\"hidden\" name=\"_wpcf7_locale\" value=\"es_ES\" \/><input type=\"hidden\" name=\"_wpcf7_unit_tag\" value=\"wpcf7-f6-o1\" \/><input type=\"hidden\" name=\"_wpcf7_container_post\" value=\"0\" \/><input type=\"hidden\" name=\"_wpcf7_posted_data_hash\" value=\"\" \/><input type=\"hidden\" name=\"_wpcf7_recaptcha_response\" value=\"\" \/>\n<\/fieldset>\n<p><label> \u59d3\u540d<br \/>\n<span class=\"wpcf7-form-control-wrap\" data-name=\"your-name\"><input size=\"40\" maxlength=\"400\" class=\"wpcf7-form-control wpcf7-text wpcf7-validates-as-required\" aria-required=\"true\" aria-invalid=\"false\" value=\"\" type=\"text\" name=\"your-name\" \/><\/span> <\/label>\n<\/p>\n<p><label> \u7535\u5b50\u90ae\u4ef6<br \/>\n<span class=\"wpcf7-form-control-wrap\" data-name=\"your-email\"><input size=\"40\" maxlength=\"400\" class=\"wpcf7-form-control wpcf7-email wpcf7-validates-as-required wpcf7-text wpcf7-validates-as-email\" aria-required=\"true\" aria-invalid=\"false\" value=\"\" type=\"email\" name=\"your-email\" \/><\/span> <\/label>\n<\/p>\n<p><label> \u670d\u52a1\u7c7b\u578b<br \/>\n<span class=\"wpcf7-form-control-wrap\" data-name=\"menu-661\"><select class=\"wpcf7-form-control wpcf7-select\" aria-invalid=\"false\" name=\"menu-661\"><option value=\"Importador\">\u8fdb\u53e3\u5546<\/option><option value=\"Exportador\">\u51fa\u53e3\u5546<\/option><\/select><\/span><\/label>\n<\/p>\n<p><label> \u4fe1\u606f<br \/>\n<span class=\"wpcf7-form-control-wrap\" data-name=\"your-message\"><textarea cols=\"40\" rows=\"10\" maxlength=\"2000\" class=\"wpcf7-form-control wpcf7-textarea\" aria-invalid=\"false\" name=\"your-message\"><\/textarea><\/span> <\/label>\n<\/p>\n<p><input class=\"wpcf7-form-control wpcf7-submit has-spinner\" type=\"submit\" value=\"\u53d1\u9001\" \/>\n<\/p><div class=\"wpcf7-response-output\" aria-hidden=\"true\"><\/div>\n<input type=\"hidden\" name=\"trp-form-language\" value=\"zh\"\/><\/form>\n<\/div>\n\t\t\t\t\t\t\t\t<\/div>\n\t\t\t\t<\/div>\n\t\t\t\t\t<\/div>\n\t\t<\/div>\n\t\t\t\t\t<\/div>\n\t\t<\/section>\n\t\t\t\t<section class=\"elementor-section elementor-top-section elementor-element elementor-element-9372e90 elementor-section-full_width elementor-section-height-default elementor-section-height-default\" data-id=\"9372e90\" data-element_type=\"section\" data-e-type=\"section\">\n\t\t\t\t\t\t<div class=\"elementor-container elementor-column-gap-default\">\n\t\t\t\t\t<div class=\"elementor-column elementor-col-100 elementor-top-column elementor-element elementor-element-3ad54bc\" data-id=\"3ad54bc\" data-element_type=\"column\" data-e-type=\"column\">\n\t\t\t<div class=\"elementor-widget-wrap elementor-element-populated\">\n\t\t\t\t\t\t<div class=\"elementor-element elementor-element-a82652c elementor-widget elementor-widget-google_maps\" data-id=\"a82652c\" data-element_type=\"widget\" data-e-type=\"widget\" data-widget_type=\"google_maps.default\">\n\t\t\t\t<div class=\"elementor-widget-container\">\n\t\t\t\t\t\t\t<div class=\"elementor-custom-embed\">\n\t\t\t<iframe loading=\"lazy\"\n\t\t\t\t\tsrc=\"https:\/\/maps.google.com\/maps?q=255%20Aragon%20Ave%2C%20Coral%20Gables%2C%20FL%2033134%2C%20USA&#038;t=m&#038;z=16&#038;output=embed&#038;iwloc=near\"\n\t\t\t\t\ttitle=\"255 Aragon Ave, \u79d1\u52d2\u5c14\u76d6\u5e03\u5c14\u65af, FL 33134, \u7f8e\u56fd\"\n\t\t\t\t\taria-label=\"255 Aragon Ave, \u79d1\u52d2\u5c14\u76d6\u5e03\u5c14\u65af, FL 33134, \u7f8e\u56fd\"\n\t\t\t><\/iframe>\n\t\t<\/div>\n\t\t\t\t\t\t<\/div>\n\t\t\t\t<\/div>\n\t\t\t\t\t<\/div>\n\t\t<\/div>\n\t\t\t\t\t<\/div>\n\t\t<\/section>\n\t\t\t\t<\/div>","protected":false},"excerpt":{"rendered":"<p>\u8054\u7cfb\u5730\u70b9 255 Aragon Ave., 2nd FloorCoral Gables, Florida, USA\u3002\u90ae\u653f\u7f16\u7801\uff1a FL 33134 \u7535\u5b50\u90ae\u4ef6 info@interchemargentina.com<\/p>","protected":false},"author":2,"featured_media":0,"parent":0,"menu_order":0,"comment_status":"closed","ping_status":"closed","template":"","meta":{"site-sidebar-layout":"no-sidebar","site-content-layout":"page-builder","ast-site-content-layout":"default","site-content-style":"default","site-sidebar-style":"default","ast-global-header-display":"","ast-banner-title-visibility":"","ast-main-header-display":"","ast-hfb-above-header-display":"","ast-hfb-below-header-display":"","ast-hfb-mobile-header-display":"","site-post-title":"disabled","ast-breadcrumbs-content":"","ast-featured-img":"disabled","footer-sml-layout":"","ast-disable-related-posts":"","theme-transparent-header-meta":"default","adv-header-id-meta":"","stick-header-meta":"","header-above-stick-meta":"","header-main-stick-meta":"","header-below-stick-meta":"","astra-migrate-meta-layouts":"default","ast-page-background-enabled":"default","ast-page-background-meta":{"desktop":{"background-color":"var(--ast-global-color-4)","background-image":"","background-repeat":"repeat","background-position":"center center","background-size":"auto","background-attachment":"scroll","background-type":"","background-media":"","overlay-type":"","overlay-color":"","overlay-opacity":"","overlay-gradient":""},"tablet":{"background-color":"","background-image":"","background-repeat":"repeat","background-position":"center center","background-size":"auto","background-attachment":"scroll","background-type":"","background-media":"","overlay-type":"","overlay-color":"","overlay-opacity":"","overlay-gradient":""},"mobile":{"background-color":"","background-image":"","background-repeat":"repeat","background-position":"center center","background-size":"auto","background-attachment":"scroll","background-type":"","background-media":"","overlay-type":"","overlay-color":"","overlay-opacity":"","overlay-gradient":""}},"ast-content-background-meta":{"desktop":{"background-color":"var(--ast-global-color-5)","background-image":"","background-repeat":"repeat","background-position":"center center","background-size":"auto","background-attachment":"scroll","background-type":"","background-media":"","overlay-type":"","overlay-color":"","overlay-opacity":"","overlay-gradient":""},"tablet":{"background-color":"var(--ast-global-color-5)","background-image":"","background-repeat":"repeat","background-position":"center center","background-size":"auto","background-attachment":"scroll","background-type":"","background-media":"","overlay-type":"","overlay-color":"","overlay-opacity":"","overlay-gradient":""},"mobile":{"background-color":"var(--ast-global-color-5)","background-image":"","background-repeat":"repeat","background-position":"center center","background-size":"auto","background-attachment":"scroll","background-type":"","background-media":"","overlay-type":"","overlay-color":"","overlay-opacity":"","overlay-gradient":""}},"footnotes":""},"class_list":["post-57","page","type-page","status-publish","hentry"],"yoast_head":"<!-- This site is optimized with the Yoast SEO plugin v27.3 - https:\/\/yoast.com\/product\/yoast-seo-wordpress\/ -->\n<title>Contacto - Interchem | Comercializaci\u00f3n de Fitosanitarios B2B<\/title>\n<meta name=\"robots\" content=\"index, follow, max-snippet:-1, max-image-preview:large, max-video-preview:-1\" \/>\n<link rel=\"canonical\" href=\"https:\/\/interchemargentina.com\/zh\/contacto\/\" \/>\n<meta property=\"og:locale\" content=\"zh_CN\" \/>\n<meta property=\"og:type\" content=\"article\" \/>\n<meta property=\"og:title\" content=\"Contacto - Interchem | Comercializaci\u00f3n de Fitosanitarios B2B\" \/>\n<meta property=\"og:description\" content=\"Contacto Ubicaci\u00f3n 255 Aragon Ave., 2nd FloorCoral Gables, Florida, USA. CP: FL 33134 Email info@interchemargentina.com\" \/>\n<meta property=\"og:url\" content=\"https:\/\/interchemargentina.com\/zh\/contacto\/\" \/>\n<meta property=\"og:site_name\" content=\"Interchem | Comercializaci\u00f3n de Fitosanitarios B2B\" \/>\n<meta property=\"article:modified_time\" content=\"2024-10-01T15:14:23+00:00\" \/>\n<meta property=\"og:image\" content=\"https:\/\/interchemargentina.com\/wp-content\/uploads\/2023\/01\/Captura-de-Pantalla-2023-01-09-a-las-11.34.47.png\" \/>\n\t<meta property=\"og:image:width\" content=\"1504\" \/>\n\t<meta property=\"og:image:height\" content=\"440\" \/>\n\t<meta property=\"og:image:type\" content=\"image\/png\" \/>\n<meta name=\"twitter:card\" content=\"summary_large_image\" \/>\n<script type=\"application\/ld+json\" class=\"yoast-schema-graph\">{\"@context\":\"https:\\\/\\\/schema.org\",\"@graph\":[{\"@type\":\"WebPage\",\"@id\":\"https:\\\/\\\/interchemargentina.com\\\/contacto\\\/\",\"url\":\"https:\\\/\\\/interchemargentina.com\\\/contacto\\\/\",\"name\":\"Contacto - Interchem | Comercializaci\u00f3n de Fitosanitarios B2B\",\"isPartOf\":{\"@id\":\"https:\\\/\\\/interchemargentina.com\\\/#website\"},\"primaryImageOfPage\":{\"@id\":\"https:\\\/\\\/interchemargentina.com\\\/contacto\\\/#primaryimage\"},\"image\":{\"@id\":\"https:\\\/\\\/interchemargentina.com\\\/contacto\\\/#primaryimage\"},\"thumbnailUrl\":\"https:\\\/\\\/interchemargentina.com\\\/wp-content\\\/uploads\\\/2023\\\/01\\\/Captura-de-Pantalla-2023-01-09-a-las-11.34.47-1024x300.png\",\"datePublished\":\"2023-01-06T16:05:09+00:00\",\"dateModified\":\"2024-10-01T15:14:23+00:00\",\"breadcrumb\":{\"@id\":\"https:\\\/\\\/interchemargentina.com\\\/contacto\\\/#breadcrumb\"},\"inLanguage\":\"zh-Hans\",\"potentialAction\":[{\"@type\":\"ReadAction\",\"target\":[\"https:\\\/\\\/interchemargentina.com\\\/contacto\\\/\"]}]},{\"@type\":\"ImageObject\",\"inLanguage\":\"zh-Hans\",\"@id\":\"https:\\\/\\\/interchemargentina.com\\\/contacto\\\/#primaryimage\",\"url\":\"https:\\\/\\\/interchemargentina.com\\\/wp-content\\\/uploads\\\/2023\\\/01\\\/Captura-de-Pantalla-2023-01-09-a-las-11.34.47-1024x300.png\",\"contentUrl\":\"https:\\\/\\\/interchemargentina.com\\\/wp-content\\\/uploads\\\/2023\\\/01\\\/Captura-de-Pantalla-2023-01-09-a-las-11.34.47-1024x300.png\"},{\"@type\":\"BreadcrumbList\",\"@id\":\"https:\\\/\\\/interchemargentina.com\\\/contacto\\\/#breadcrumb\",\"itemListElement\":[{\"@type\":\"ListItem\",\"position\":1,\"name\":\"Home\",\"item\":\"https:\\\/\\\/interchemargentina.com\\\/\"},{\"@type\":\"ListItem\",\"position\":2,\"name\":\"Contacto\"}]},{\"@type\":\"WebSite\",\"@id\":\"https:\\\/\\\/interchemargentina.com\\\/#website\",\"url\":\"https:\\\/\\\/interchemargentina.com\\\/\",\"name\":\"Interchem | Comercializaci\u00f3n de Fitosanitarios B2B\",\"description\":\"Intermediaci\u00f3n y comercializaci\u00f3n de herbicidas, insecticidas y fungicidas. Conectamos fabricantes de China e India con distribuidores en la regi\u00f3n.\",\"potentialAction\":[{\"@type\":\"SearchAction\",\"target\":{\"@type\":\"EntryPoint\",\"urlTemplate\":\"https:\\\/\\\/interchemargentina.com\\\/?s={search_term_string}\"},\"query-input\":{\"@type\":\"PropertyValueSpecification\",\"valueRequired\":true,\"valueName\":\"search_term_string\"}}],\"inLanguage\":\"zh-Hans\"}]}<\/script>\n<!-- \/ Yoast SEO plugin. -->","yoast_head_json":{"title":"\u8054\u7cfb\u65b9\u5f0f - Interchem | B2B \u690d\u7269\u4fdd\u62a4\u4ea7\u54c1\u8425\u9500","robots":{"index":"index","follow":"follow","max-snippet":"max-snippet:-1","max-image-preview":"max-image-preview:large","max-video-preview":"max-video-preview:-1"},"canonical":"https:\/\/interchemargentina.com\/zh\/contacto\/","og_locale":"zh_CN","og_type":"article","og_title":"Contacto - Interchem | Comercializaci\u00f3n de Fitosanitarios B2B","og_description":"Contacto Ubicaci\u00f3n 255 Aragon Ave., 2nd FloorCoral Gables, Florida, USA. CP: FL 33134 Email info@interchemargentina.com","og_url":"https:\/\/interchemargentina.com\/zh\/contacto\/","og_site_name":"Interchem | Comercializaci\u00f3n de Fitosanitarios B2B","article_modified_time":"2024-10-01T15:14:23+00:00","og_image":[{"width":1504,"height":440,"url":"https:\/\/interchemargentina.com\/wp-content\/uploads\/2023\/01\/Captura-de-Pantalla-2023-01-09-a-las-11.34.47.png","type":"image\/png"}],"twitter_card":"summary_large_image","schema":{"@context":"https:\/\/schema.org","@graph":[{"@type":"WebPage","@id":"https:\/\/interchemargentina.com\/contacto\/","url":"https:\/\/interchemargentina.com\/contacto\/","name":"\u8054\u7cfb\u65b9\u5f0f - Interchem | B2B \u690d\u7269\u4fdd\u62a4\u4ea7\u54c1\u8425\u9500","isPartOf":{"@id":"https:\/\/interchemargentina.com\/#website"},"primaryImageOfPage":{"@id":"https:\/\/interchemargentina.com\/contacto\/#primaryimage"},"image":{"@id":"https:\/\/interchemargentina.com\/contacto\/#primaryimage"},"thumbnailUrl":"https:\/\/interchemargentina.com\/wp-content\/uploads\/2023\/01\/Captura-de-Pantalla-2023-01-09-a-las-11.34.47-1024x300.png","datePublished":"2023-01-06T16:05:09+00:00","dateModified":"2024-10-01T15:14:23+00:00","breadcrumb":{"@id":"https:\/\/interchemargentina.com\/contacto\/#breadcrumb"},"inLanguage":"zh-Hans","potentialAction":[{"@type":"ReadAction","target":["https:\/\/interchemargentina.com\/contacto\/"]}]},{"@type":"ImageObject","inLanguage":"zh-Hans","@id":"https:\/\/interchemargentina.com\/contacto\/#primaryimage","url":"https:\/\/interchemargentina.com\/wp-content\/uploads\/2023\/01\/Captura-de-Pantalla-2023-01-09-a-las-11.34.47-1024x300.png","contentUrl":"https:\/\/interchemargentina.com\/wp-content\/uploads\/2023\/01\/Captura-de-Pantalla-2023-01-09-a-las-11.34.47-1024x300.png"},{"@type":"BreadcrumbList","@id":"https:\/\/interchemargentina.com\/contacto\/#breadcrumb","itemListElement":[{"@type":"ListItem","position":1,"name":"Home","item":"https:\/\/interchemargentina.com\/"},{"@type":"ListItem","position":2,"name":"Contacto"}]},{"@type":"WebSite","@id":"https:\/\/interchemargentina.com\/#website","url":"https:\/\/interchemargentina.com\/","name":"Interchem | B2B \u690d\u7269\u4fdd\u62a4\u4ea7\u54c1\u8425\u9500","description":"\u6211\u4eec\u63d0\u4f9b\u9664\u8349\u5242\u3001\u6740\u866b\u5242\u548c\u6740\u83cc\u5242\u7684\u4e2d\u4ecb\u548c\u8425\u9500\u670d\u52a1\u3002\u6211\u4eec\u8fde\u63a5\u4e2d\u56fd\u548c\u5370\u5ea6\u7684\u751f\u4ea7\u5546\u4e0e\u8be5\u5730\u533a\u7684\u7ecf\u9500\u5546\u3002.","potentialAction":[{"@type":"SearchAction","target":{"@type":"EntryPoint","urlTemplate":"https:\/\/interchemargentina.com\/?s={search_term_string}"},"query-input":{"@type":"PropertyValueSpecification","valueRequired":true,"valueName":"search_term_string"}}],"inLanguage":"zh-Hans"}]}},"_links":{"self":[{"href":"https:\/\/interchemargentina.com\/zh\/wp-json\/wp\/v2\/pages\/57","targetHints":{"allow":["GET"]}}],"collection":[{"href":"https:\/\/interchemargentina.com\/zh\/wp-json\/wp\/v2\/pages"}],"about":[{"href":"https:\/\/interchemargentina.com\/zh\/wp-json\/wp\/v2\/types\/page"}],"author":[{"embeddable":true,"href":"https:\/\/interchemargentina.com\/zh\/wp-json\/wp\/v2\/users\/2"}],"replies":[{"embeddable":true,"href":"https:\/\/interchemargentina.com\/zh\/wp-json\/wp\/v2\/comments?post=57"}],"version-history":[{"count":0,"href":"https:\/\/interchemargentina.com\/zh\/wp-json\/wp\/v2\/pages\/57\/revisions"}],"wp:attachment":[{"href":"https:\/\/interchemargentina.com\/zh\/wp-json\/wp\/v2\/media?parent=57"}],"curies":[{"name":"wp","href":"https:\/\/api.w.org\/{rel}","templated":true}]}}