{"id":2,"date":"2022-09-26T21:49:14","date_gmt":"2022-09-26T21:49:14","guid":{"rendered":"https:\/\/pocaipingel.com\/?page_id=2"},"modified":"2022-09-26T21:49:14","modified_gmt":"2022-09-26T21:49:14","slug":"sample-page","status":"publish","type":"page","link":"https:\/\/interchemargentina.com\/zh\/sample-page\/","title":{"rendered":"\u793a\u4f8b\u9875\u9762"},"content":{"rendered":"<p>\u8fd9\u662f\u4e00\u4e2a\u793a\u4f8b\u9875\u9762\u3002\u5b83\u4e0e\u535a\u5ba2\u6587\u7ae0\u4e0d\u540c\uff0c\u56e0\u4e3a\u5b83\u5c06\u4fdd\u7559\u5728\u4e00\u4e2a\u4f4d\u7f6e\u5e76\u663e\u793a\u5728\u60a8\u7684\u7f51\u7ad9\u5bfc\u822a\u4e2d\uff08\u5728\u5927\u591a\u6570\u4e3b\u9898\u4e2d\uff09\u3002\u5927\u591a\u6570\u4eba\u4ece\u201c\u5173\u4e8e\u201d\u9875\u9762\u5f00\u59cb\uff0c\u5c06\u4ed6\u4eec\u4ecb\u7ecd\u7ed9\u6f5c\u5728\u7684\u7f51\u7ad9\u8bbf\u95ee\u8005\u3002\u5b83\u53ef\u80fd\u4f1a\u8fd9\u6837\u8bf4\uff1a<\/p>\n\n\n\n<blockquote class=\"wp-block-quote is-layout-flow wp-block-quote-is-layout-flow\"><p>\u4f60\u597d\u5440\uff01\u6211\u767d\u5929\u662f\u4e00\u540d\u81ea\u884c\u8f66\u4fe1\u4f7f\uff0c\u665a\u4e0a\u662f\u4e00\u540d\u6709\u62b1\u8d1f\u7684\u6f14\u5458\uff0c\u8fd9\u662f\u6211\u7684\u7f51\u7ad9\u3002\u6211\u4f4f\u5728\u6d1b\u6749\u77f6\uff0c\u6211\u6709\u4e00\u53ea\u540d\u53eb\u6770\u514b\u7684\u597d\u72d7\uff0c\u6211\u559c\u6b22\u51b0\u9547\u679c\u6c41\u6717\u59c6\u9152\u3002 \uff08\u8fd8\u88ab\u96e8\u6dcb\u6e7f\u4e86\u3002\uff09<\/p><\/blockquote>\n\n\n\n<p>......\u6216\u8005\u7c7b\u4f3c\u7684\u4e1c\u897f\uff1a<\/p>\n\n\n\n<blockquote class=\"wp-block-quote is-layout-flow wp-block-quote-is-layout-flow\"><p>XYZ Doohickey \u516c\u53f8\u6210\u7acb\u4e8e 1971 \u5e74\uff0c\u81ea\u90a3\u65f6\u4ee5\u6765\u4e00\u76f4\u4e3a\u516c\u4f17\u63d0\u4f9b\u4f18\u8d28\u7684 doohickey\u3002 XYZ \u4f4d\u4e8e\u54e5\u8c2d\u5e02\uff0c\u62e5\u6709 2,000 \u591a\u540d\u5458\u5de5\uff0c\u4e3a\u54e5\u8c2d\u793e\u533a\u505a\u4e86\u5404\u79cd\u5f88\u68d2\u7684\u4e8b\u60c5\u3002<\/p><\/blockquote>\n\n\n\n<p>\u4f5c\u4e3a WordPress \u65b0\u7528\u6237\uff0c\u60a8\u5e94\u8be5\u8bbf\u95ee <a href=\"https:\/\/pocaipingel.com\/wp-admin\/\">\u4f60\u7684\u4eea\u8868\u677f<\/a> \u5220\u9664\u6b64\u9875\u9762\u5e76\u4e3a\u60a8\u7684\u5185\u5bb9\u521b\u5efa\u65b0\u9875\u9762\u3002\u73a9\u5f97\u5f00\u5fc3\uff01<\/p>","protected":false},"excerpt":{"rendered":"<p>This is an example page. It&#8217;s different from a blog post because it will stay in one place and will show up in your site navigation (in most themes). Most people start with an About page that introduces them to potential site visitors. It might say something like this: Hi there! I&#8217;m a bike messenger [&hellip;]<\/p>\n","protected":false},"author":1,"featured_media":0,"parent":0,"menu_order":0,"comment_status":"closed","ping_status":"closed","template":"","meta":{"site-sidebar-layout":"default","site-content-layout":"","ast-site-content-layout":"default","site-content-style":"default","site-sidebar-style":"default","ast-global-header-display":"","ast-banner-title-visibility":"","ast-main-header-display":"","ast-hfb-above-header-display":"","ast-hfb-below-header-display":"","ast-hfb-mobile-header-display":"","site-post-title":"","ast-breadcrumbs-content":"","ast-featured-img":"","footer-sml-layout":"","ast-disable-related-posts":"","theme-transparent-header-meta":"","adv-header-id-meta":"","stick-header-meta":"","header-above-stick-meta":"","header-main-stick-meta":"","header-below-stick-meta":"","astra-migrate-meta-layouts":"default","ast-page-background-enabled":"default","ast-page-background-meta":{"desktop":{"background-color":"var(--ast-global-color-4)","background-image":"","background-repeat":"repeat","background-position":"center center","background-size":"auto","background-attachment":"scroll","background-type":"","background-media":"","overlay-type":"","overlay-color":"","overlay-opacity":"","overlay-gradient":""},"tablet":{"background-color":"","background-image":"","background-repeat":"repeat","background-position":"center center","background-size":"auto","background-attachment":"scroll","background-type":"","background-media":"","overlay-type":"","overlay-color":"","overlay-opacity":"","overlay-gradient":""},"mobile":{"background-color":"","background-image":"","background-repeat":"repeat","background-position":"center center","background-size":"auto","background-attachment":"scroll","background-type":"","background-media":"","overlay-type":"","overlay-color":"","overlay-opacity":"","overlay-gradient":""}},"ast-content-background-meta":{"desktop":{"background-color":"var(--ast-global-color-5)","background-image":"","background-repeat":"repeat","background-position":"center center","background-size":"auto","background-attachment":"scroll","background-type":"","background-media":"","overlay-type":"","overlay-color":"","overlay-opacity":"","overlay-gradient":""},"tablet":{"background-color":"var(--ast-global-color-5)","background-image":"","background-repeat":"repeat","background-position":"center center","background-size":"auto","background-attachment":"scroll","background-type":"","background-media":"","overlay-type":"","overlay-color":"","overlay-opacity":"","overlay-gradient":""},"mobile":{"background-color":"var(--ast-global-color-5)","background-image":"","background-repeat":"repeat","background-position":"center center","background-size":"auto","background-attachment":"scroll","background-type":"","background-media":"","overlay-type":"","overlay-color":"","overlay-opacity":"","overlay-gradient":""}},"footnotes":""},"class_list":["post-2","page","type-page","status-publish","hentry"],"yoast_head":"<!-- This site is optimized with the Yoast SEO plugin v27.3 - https:\/\/yoast.com\/product\/yoast-seo-wordpress\/ -->\n<title>Sample Page - Interchem | Comercializaci\u00f3n de Fitosanitarios B2B<\/title>\n<meta name=\"robots\" content=\"index, follow, max-snippet:-1, max-image-preview:large, max-video-preview:-1\" \/>\n<link rel=\"canonical\" href=\"https:\/\/interchemargentina.com\/zh\/sample-page\/\" \/>\n<meta property=\"og:locale\" content=\"zh_CN\" \/>\n<meta property=\"og:type\" content=\"article\" \/>\n<meta property=\"og:title\" content=\"Sample Page - Interchem | Comercializaci\u00f3n de Fitosanitarios B2B\" \/>\n<meta property=\"og:description\" content=\"This is an example page. It&#8217;s different from a blog post because it will stay in one place and will show up in your site navigation (in most themes). Most people start with an About page that introduces them to potential site visitors. It might say something like this: Hi there! I&#8217;m a bike messenger [&hellip;]\" \/>\n<meta property=\"og:url\" content=\"https:\/\/interchemargentina.com\/zh\/sample-page\/\" \/>\n<meta property=\"og:site_name\" content=\"Interchem | Comercializaci\u00f3n de Fitosanitarios B2B\" \/>\n<meta name=\"twitter:card\" content=\"summary_large_image\" \/>\n<meta name=\"twitter:label1\" content=\"\u9884\u8ba1\u9605\u8bfb\u65f6\u95f4\" \/>\n\t<meta name=\"twitter:data1\" content=\"1 \u5206\" \/>\n<script type=\"application\/ld+json\" class=\"yoast-schema-graph\">{\"@context\":\"https:\\\/\\\/schema.org\",\"@graph\":[{\"@type\":\"WebPage\",\"@id\":\"https:\\\/\\\/interchemargentina.com\\\/sample-page\\\/\",\"url\":\"https:\\\/\\\/interchemargentina.com\\\/sample-page\\\/\",\"name\":\"Sample Page - Interchem | Comercializaci\u00f3n de Fitosanitarios B2B\",\"isPartOf\":{\"@id\":\"https:\\\/\\\/interchemargentina.com\\\/#website\"},\"datePublished\":\"2022-09-26T21:49:14+00:00\",\"breadcrumb\":{\"@id\":\"https:\\\/\\\/interchemargentina.com\\\/sample-page\\\/#breadcrumb\"},\"inLanguage\":\"zh-Hans\",\"potentialAction\":[{\"@type\":\"ReadAction\",\"target\":[\"https:\\\/\\\/interchemargentina.com\\\/sample-page\\\/\"]}]},{\"@type\":\"BreadcrumbList\",\"@id\":\"https:\\\/\\\/interchemargentina.com\\\/sample-page\\\/#breadcrumb\",\"itemListElement\":[{\"@type\":\"ListItem\",\"position\":1,\"name\":\"Home\",\"item\":\"https:\\\/\\\/interchemargentina.com\\\/\"},{\"@type\":\"ListItem\",\"position\":2,\"name\":\"Sample Page\"}]},{\"@type\":\"WebSite\",\"@id\":\"https:\\\/\\\/interchemargentina.com\\\/#website\",\"url\":\"https:\\\/\\\/interchemargentina.com\\\/\",\"name\":\"Interchem | Comercializaci\u00f3n de Fitosanitarios B2B\",\"description\":\"Intermediaci\u00f3n y comercializaci\u00f3n de herbicidas, insecticidas y fungicidas. Conectamos fabricantes de China e India con distribuidores en la regi\u00f3n.\",\"potentialAction\":[{\"@type\":\"SearchAction\",\"target\":{\"@type\":\"EntryPoint\",\"urlTemplate\":\"https:\\\/\\\/interchemargentina.com\\\/?s={search_term_string}\"},\"query-input\":{\"@type\":\"PropertyValueSpecification\",\"valueRequired\":true,\"valueName\":\"search_term_string\"}}],\"inLanguage\":\"zh-Hans\"}]}<\/script>\n<!-- \/ Yoast SEO plugin. -->","yoast_head_json":{"title":"\u793a\u4f8b\u9875\u9762 - Interchem | B2B \u690d\u7269\u4fdd\u62a4\u4ea7\u54c1\u8425\u9500","robots":{"index":"index","follow":"follow","max-snippet":"max-snippet:-1","max-image-preview":"max-image-preview:large","max-video-preview":"max-video-preview:-1"},"canonical":"https:\/\/interchemargentina.com\/zh\/sample-page\/","og_locale":"zh_CN","og_type":"article","og_title":"Sample Page - Interchem | Comercializaci\u00f3n de Fitosanitarios B2B","og_description":"This is an example page. It&#8217;s different from a blog post because it will stay in one place and will show up in your site navigation (in most themes). Most people start with an About page that introduces them to potential site visitors. It might say something like this: Hi there! I&#8217;m a bike messenger [&hellip;]","og_url":"https:\/\/interchemargentina.com\/zh\/sample-page\/","og_site_name":"Interchem | Comercializaci\u00f3n de Fitosanitarios B2B","twitter_card":"summary_large_image","twitter_misc":{"\u9884\u8ba1\u9605\u8bfb\u65f6\u95f4":"1 \u5206"},"schema":{"@context":"https:\/\/schema.org","@graph":[{"@type":"WebPage","@id":"https:\/\/interchemargentina.com\/sample-page\/","url":"https:\/\/interchemargentina.com\/sample-page\/","name":"\u793a\u4f8b\u9875\u9762 - Interchem | B2B \u690d\u7269\u4fdd\u62a4\u4ea7\u54c1\u8425\u9500","isPartOf":{"@id":"https:\/\/interchemargentina.com\/#website"},"datePublished":"2022-09-26T21:49:14+00:00","breadcrumb":{"@id":"https:\/\/interchemargentina.com\/sample-page\/#breadcrumb"},"inLanguage":"zh-Hans","potentialAction":[{"@type":"ReadAction","target":["https:\/\/interchemargentina.com\/sample-page\/"]}]},{"@type":"BreadcrumbList","@id":"https:\/\/interchemargentina.com\/sample-page\/#breadcrumb","itemListElement":[{"@type":"ListItem","position":1,"name":"Home","item":"https:\/\/interchemargentina.com\/"},{"@type":"ListItem","position":2,"name":"Sample Page"}]},{"@type":"WebSite","@id":"https:\/\/interchemargentina.com\/#website","url":"https:\/\/interchemargentina.com\/","name":"Interchem | B2B \u690d\u7269\u4fdd\u62a4\u4ea7\u54c1\u8425\u9500","description":"\u6211\u4eec\u63d0\u4f9b\u9664\u8349\u5242\u3001\u6740\u866b\u5242\u548c\u6740\u83cc\u5242\u7684\u4e2d\u4ecb\u548c\u8425\u9500\u670d\u52a1\u3002\u6211\u4eec\u8fde\u63a5\u4e2d\u56fd\u548c\u5370\u5ea6\u7684\u751f\u4ea7\u5546\u4e0e\u8be5\u5730\u533a\u7684\u7ecf\u9500\u5546\u3002.","potentialAction":[{"@type":"SearchAction","target":{"@type":"EntryPoint","urlTemplate":"https:\/\/interchemargentina.com\/?s={search_term_string}"},"query-input":{"@type":"PropertyValueSpecification","valueRequired":true,"valueName":"search_term_string"}}],"inLanguage":"zh-Hans"}]}},"_links":{"self":[{"href":"https:\/\/interchemargentina.com\/zh\/wp-json\/wp\/v2\/pages\/2","targetHints":{"allow":["GET"]}}],"collection":[{"href":"https:\/\/interchemargentina.com\/zh\/wp-json\/wp\/v2\/pages"}],"about":[{"href":"https:\/\/interchemargentina.com\/zh\/wp-json\/wp\/v2\/types\/page"}],"author":[{"embeddable":true,"href":"https:\/\/interchemargentina.com\/zh\/wp-json\/wp\/v2\/users\/1"}],"replies":[{"embeddable":true,"href":"https:\/\/interchemargentina.com\/zh\/wp-json\/wp\/v2\/comments?post=2"}],"version-history":[{"count":0,"href":"https:\/\/interchemargentina.com\/zh\/wp-json\/wp\/v2\/pages\/2\/revisions"}],"wp:attachment":[{"href":"https:\/\/interchemargentina.com\/zh\/wp-json\/wp\/v2\/media?parent=2"}],"curies":[{"name":"wp","href":"https:\/\/api.w.org\/{rel}","templated":true}]}}